{"id":114,"date":"2016-11-20T12:27:54","date_gmt":"2016-11-20T11:27:54","guid":{"rendered":"http:\/\/rv17.no\/prosjekter\/elfisno\/?page_id=114"},"modified":"2023-12-02T11:28:52","modified_gmt":"2023-12-02T10:28:52","slug":"priser-bestilling","status":"publish","type":"page","link":"https:\/\/www.elfis.no\/index.php\/priser-bestilling\/","title":{"rendered":"Priser \/ bestilling"},"content":{"rendered":"<h3><strong>Priser overnatting<\/strong><\/h3>\n<p><strong>Prisene er inkludert senget\u00f8y, men ikke vask.\u00a0<\/strong><\/p>\n<h3>Priser overnattingsenheter:<\/h3>\n<p><strong><a href=\"https:\/\/www.elfis.no\/index.php\/2016\/11\/13\/ragnhildstua\/\">Ragnhildstua<\/a>:<\/strong> kr 1700 pr. d\u00f8gn. Utvask: kr 700.<br \/>\nPris gjelder 4 personer, + 200 kr pr. person\/d\u00f8gn ved flere personer.<\/p>\n<p><strong><a href=\"https:\/\/www.elfis.no\/index.php\/2016\/11\/13\/annekset\/\">Anneks \/ved Ragnhildstua<\/a>:<\/strong> kr 500 pr. d\u00f8gn inkl. utvask (2 sengeplasser). Det er tilgang til kj\u00f8kken og sitteplasser p\u00e5 &laquo;Skr\u00e5planet&raquo;.<\/p>\n<p><strong><a href=\"https:\/\/www.elfis.no\/index.php\/2018\/10\/30\/skarven\/\">Skarven<\/a>:<\/strong> kr 1950,- pr. d\u00f8gn. Utvask: kr 700.<br \/>\nPris gjelder 4 personer, + 200 kr pr. person\/d\u00f8gn ved flere personer.<\/p>\n<p><a href=\"https:\/\/www.elfis.no\/index.php\/2022\/08\/12\/oteren\/\">Oteren<\/a>: kr 1650 pr. d\u00f8gn. Utvask: kr 500.<\/p>\n<p>Pris gjelder 4 personer, + 200 kr pr. person\/d\u00f8gn ved flere personer.<\/p>\n<p><strong><a href=\"https:\/\/www.elfis.no\/index.php\/2016\/11\/13\/naustet-1-og-2\/\">Naustet 1<\/a>:<\/strong> kr 850 pr. d\u00f8gn. Utvask: kr 300.<br \/>\nPrisen gjelder for 3 personer, 200 kr ekstra pr. person\/d\u00f8gn ved flere personer.<\/p>\n<p><a href=\"https:\/\/www.elfis.no\/index.php\/2016\/11\/13\/naustet-1-og-2\/\"><strong>Naustet 2<\/strong>:<\/a> kr 950 pr. d\u00f8gn. Utvask: kr 300.<br \/>\nPrisen gjelder for 3 personer, 200 kr ekstra pr. person\/d\u00f8gn ved flere personer.<\/p>\n<p><a href=\"https:\/\/www.elfis.no\/index.php\/2016\/11\/13\/campinghyttene-huldra-og-havfrua\/\"><strong>Campinghyttene Huldra og Havfrua<\/strong><\/a>: kr 800 pr. d\u00f8gn inkl. utvask. Det er tilgang til kj\u00f8kken og sitteplasser p\u00e5 <a href=\"https:\/\/www.elfis.no\/index.php\/overnatting\/skraplanet\/\">&laquo;Skr\u00e5planet&raquo;<\/a>.<\/p>\n<p><a href=\"https:\/\/www.elfis.no\/index.php\/2016\/11\/13\/kaistua\/\"><strong>Kaistua<\/strong><\/a>: kr 900 pr. d\u00f8gn. Utvask: kr 200.<\/p>\n<h3>Andre priser (p\u00e5 bestilling):<\/h3>\n<p><strong>Frokostbrett:<\/strong> kr 170 per person.<br \/>\n<strong>Oppredd seng:<\/strong> kr 150,- per seng.<\/p>\n<p><strong>Ekstra vasketillegg hund:<\/strong> kr 300.<\/p>\n<p><strong>Leie av <a href=\"https:\/\/www.elfis.no\/index.php\/overnatting\/skraplanet\/\">skr\u00e5planet<\/a> (ved st\u00f8rre sammenkomster)<\/strong>: kr 800,-<\/p>\n","protected":false},"excerpt":{"rendered":"<p>Priser overnatting Prisene er inkludert senget\u00f8y, men ikke vask.\u00a0 Priser overnattingsenheter: Ragnhildstua: kr 1700 pr. d\u00f8gn. Utvask: kr 700. Pris gjelder 4 personer, + 200 kr pr. person\/d\u00f8gn ved flere personer. Anneks \/ved Ragnhildstua: kr 500 pr. d\u00f8gn inkl. utvask (2 sengeplasser). Det er tilgang til kj\u00f8kken og sitteplasser p\u00e5 &laquo;Skr\u00e5planet&raquo;. Skarven: kr 1950,- pr. &#8230; <a title=\"Priser \/ bestilling\" class=\"read-more\" href=\"https:\/\/www.elfis.no\/index.php\/priser-bestilling\/\" aria-label=\"Read more about Priser \/ bestilling\">Les mer<\/a><\/p>\n","protected":false},"author":1,"featured_media":0,"parent":0,"menu_order":0,"comment_status":"closed","ping_status":"closed","template":"page_temaside3.php","meta":{"footnotes":""},"class_list":["post-114","page","type-page","status-publish"],"aioseo_notices":[],"_links":{"self":[{"href":"https:\/\/www.elfis.no\/index.php\/wp-json\/wp\/v2\/pages\/114","targetHints":{"allow":["GET"]}}],"collection":[{"href":"https:\/\/www.elfis.no\/index.php\/wp-json\/wp\/v2\/pages"}],"about":[{"href":"https:\/\/www.elfis.no\/index.php\/wp-json\/wp\/v2\/types\/page"}],"author":[{"embeddable":true,"href":"https:\/\/www.elfis.no\/index.php\/wp-json\/wp\/v2\/users\/1"}],"replies":[{"embeddable":true,"href":"https:\/\/www.elfis.no\/index.php\/wp-json\/wp\/v2\/comments?post=114"}],"version-history":[{"count":27,"href":"https:\/\/www.elfis.no\/index.php\/wp-json\/wp\/v2\/pages\/114\/revisions"}],"predecessor-version":[{"id":458,"href":"https:\/\/www.elfis.no\/index.php\/wp-json\/wp\/v2\/pages\/114\/revisions\/458"}],"wp:attachment":[{"href":"https:\/\/www.elfis.no\/index.php\/wp-json\/wp\/v2\/media?parent=114"}],"curies":[{"name":"wp","href":"https:\/\/api.w.org\/{rel}","templated":true}]}}