{"id":139,"date":"2017-01-04T12:42:01","date_gmt":"2017-01-04T11:42:01","guid":{"rendered":"http:\/\/www.elfis.no\/?page_id=139"},"modified":"2023-12-02T11:32:01","modified_gmt":"2023-12-02T10:32:01","slug":"lodging","status":"publish","type":"page","link":"https:\/\/www.elfis.no\/index.php\/lodging\/?lang=en","title":{"rendered":"Lodging"},"content":{"rendered":"<h3><img loading=\"lazy\" decoding=\"async\" class=\"alignnone wp-image-10 size-large\" src=\"http:\/\/rv17.no\/prosjekter\/elfisno\/wp-content\/uploads\/2016\/11\/Elfis10_web-1024x684.jpg\" alt=\"elfis10_web\" width=\"750\" height=\"501\" srcset=\"https:\/\/www.elfis.no\/wp-content\/uploads\/2016\/11\/Elfis10_web-1024x684.jpg 1024w, https:\/\/www.elfis.no\/wp-content\/uploads\/2016\/11\/Elfis10_web-300x200.jpg 300w, https:\/\/www.elfis.no\/wp-content\/uploads\/2016\/11\/Elfis10_web-768x513.jpg 768w, https:\/\/www.elfis.no\/wp-content\/uploads\/2016\/11\/Elfis10_web-1200x802.jpg 1200w, https:\/\/www.elfis.no\/wp-content\/uploads\/2016\/11\/Elfis10_web.jpg 2000w\" sizes=\"auto, (max-width: 750px) 100vw, 750px\" \/><\/h3>\n<h3>Accommodation: Cabin, apartments and Fisherman&#8217;s hut.<\/h3>\n<p><strong>Elfis Sj\u00f8stuer (seacamp) is located on the island Her\u00f8y just outside Sandnessj\u00f8en.\u00a0 This is a unique place where you will find cosy cabins and rooms for rent.\u00a0 The smallest units are also a bargin for those looking for budget accommodation.\u00a0 From Elfis Sj\u00f8stuer you enjoy a fantastic view and this is a great place to start from while exploring the area. <\/strong><\/p>\n<p><strong>The resort is open from 1 May \u2013 1 October (and Easter). For the units Ragnhildstua and Skarven a minimum of 3 nights is required.\u00a0\u00a0<\/strong><\/p>\n<h3>Practical information<\/h3>\n<p><strong>Arrival and keys:<\/strong> Keys should be collected from the resort\u2019s managers, who live next to the cottage. Please notify them in advance if you expect to arrive late.<\/p>\n<p><strong>Bed linen and amenities:<\/strong> The cottage and the apartments have fully equipped kitchens and bathrooms. There are blankets and pillows in all the accommodation units and\u00a0bed linen is included in the price. It is expected that our customers clean the units before leaving, bur end cleaning may also be ordered. See pricelist.<\/p>\n<p><strong>Breakfast:<\/strong> Breakfast tray may be ordered. See prices.<\/p>\n<p>The units <strong>Kaistua, Sommerstua, and the campingpods<\/strong> do not have their own kitchen. For a small fee you may use our common kitchen &laquo;Skr\u00e5planet&raquo;.<\/p>\n","protected":false},"excerpt":{"rendered":"<p>Elfis Sj\u00f8stuer (seacamp) offers accommodation in one cabin, a Fisherman&#8217;s hut, and 2 apartments at the island Her\u00f8y at the Helgeland coastline.<\/p>\n","protected":false},"author":1,"featured_media":10,"parent":0,"menu_order":0,"comment_status":"closed","ping_status":"closed","template":"","meta":{"footnotes":""},"class_list":["post-139","page","type-page","status-publish","has-post-thumbnail"],"aioseo_notices":[],"_links":{"self":[{"href":"https:\/\/www.elfis.no\/index.php\/wp-json\/wp\/v2\/pages\/139","targetHints":{"allow":["GET"]}}],"collection":[{"href":"https:\/\/www.elfis.no\/index.php\/wp-json\/wp\/v2\/pages"}],"about":[{"href":"https:\/\/www.elfis.no\/index.php\/wp-json\/wp\/v2\/types\/page"}],"author":[{"embeddable":true,"href":"https:\/\/www.elfis.no\/index.php\/wp-json\/wp\/v2\/users\/1"}],"replies":[{"embeddable":true,"href":"https:\/\/www.elfis.no\/index.php\/wp-json\/wp\/v2\/comments?post=139"}],"version-history":[{"count":7,"href":"https:\/\/www.elfis.no\/index.php\/wp-json\/wp\/v2\/pages\/139\/revisions"}],"predecessor-version":[{"id":462,"href":"https:\/\/www.elfis.no\/index.php\/wp-json\/wp\/v2\/pages\/139\/revisions\/462"}],"wp:featuredmedia":[{"embeddable":true,"href":"https:\/\/www.elfis.no\/index.php\/wp-json\/wp\/v2\/media\/10"}],"wp:attachment":[{"href":"https:\/\/www.elfis.no\/index.php\/wp-json\/wp\/v2\/media?parent=139"}],"curies":[{"name":"wp","href":"https:\/\/api.w.org\/{rel}","templated":true}]}}