{"id":52,"date":"2016-11-17T10:46:27","date_gmt":"2016-11-17T09:46:27","guid":{"rendered":"http:\/\/rv17.no\/prosjekter\/elfisno\/?page_id=52"},"modified":"2026-01-12T20:21:17","modified_gmt":"2026-01-12T19:21:17","slug":"overnatting","status":"publish","type":"page","link":"https:\/\/www.elfis.no\/index.php\/overnatting\/","title":{"rendered":"Overnatting"},"content":{"rendered":"\n<h3 class=\"wp-block-heading\">Praktisk informasjon<\/h3>\n\n\n\n<ul class=\"wp-block-list\">\n<li>Elfis har \u00e5pent hele \u00e5ret, h\u00f8yseseongen er i perioden fra juni og ut august.<\/li>\n\n\n\n<li>Ved booking av de st\u00f8rste enhetene, Skarven og Ragnhildstua er det minimum 3 netters booking.<\/li>\n\n\n\n<li>Ragnhildstua og Naust 1 og 2 er Hundevennelige. 400.- hundetillegg<\/li>\n\n\n\n<li>Senget\u00f8y OG h\u00e5ndkl\u00e6r er inkludert p\u00e5 alle enheter<\/li>\n\n\n\n<li>Det forutsettes at gjester vasker hytter selv ved utsjekk. Hvis ikke kan dette bestilles utenom:<\/li>\n\n\n\n<li><strong>Priser utvask:<\/strong>\n<ul class=\"wp-block-list\">\n<li>Ragnhildstua og Skarven 850.-<\/li>\n\n\n\n<li>Oteren utvask 600.-<\/li>\n\n\n\n<li>Naust 1 og 2 utvask, 400.-<\/li>\n\n\n\n<li>P\u00e5 Kaistua og pods er renhold inkludert.<\/li>\n<\/ul>\n<\/li>\n<\/ul>\n\n\n\n<p><strong>ANKOMST\/N\u00d8KLER:<\/strong> N\u00f8kler hentes hos vertskap like ved Elfis. Ved sen ankomst vennligst ring 454 47 295<\/p>\n\n\n\n<div class=\"wp-block-buttons is-layout-flex wp-block-buttons-is-layout-flex\">\n<div class=\"wp-block-button\"><a class=\"wp-block-button__link wp-element-button\" href=\"https:\/\/elfissjostuer.gotobooking.io\/no\/hotel\/737-elfis-sjostuer?page\" target=\"_blank\" rel=\"noreferrer noopener\">Book overnatting<\/a><\/div>\n<\/div>\n\n\n\n<p><\/p>\n\n\n\n<div class=\"wp-block-query is-layout-flow wp-block-query-is-layout-flow\"><ul class=\"wp-block-post-template is-layout-flow wp-block-post-template-is-layout-flow\"><li class=\"wp-block-post post-412 post type-post status-publish format-standard has-post-thumbnail hentry category-overnatting\">\n\n<div class=\"wp-block-columns alignwide is-layout-flex wp-container-core-columns-is-layout-9d6595d7 wp-block-columns-is-layout-flex\">\n<div class=\"wp-block-column is-layout-flow wp-block-column-is-layout-flow\" style=\"flex-basis:66.66%\"><figure class=\"wp-block-post-featured-image\"><a href=\"https:\/\/www.elfis.no\/index.php\/2022\/08\/12\/oteren\/\" target=\"_self\"  ><img loading=\"lazy\" decoding=\"async\" width=\"2560\" height=\"1707\" src=\"https:\/\/www.elfis.no\/wp-content\/uploads\/2022\/08\/Oteren-scaled.jpg\" class=\"attachment-post-thumbnail size-post-thumbnail wp-post-image\" alt=\"Oteren\" style=\"object-fit:cover;\" srcset=\"https:\/\/www.elfis.no\/wp-content\/uploads\/2022\/08\/Oteren-scaled.jpg 2560w, https:\/\/www.elfis.no\/wp-content\/uploads\/2022\/08\/Oteren-300x200.jpg 300w, https:\/\/www.elfis.no\/wp-content\/uploads\/2022\/08\/Oteren-1024x683.jpg 1024w, https:\/\/www.elfis.no\/wp-content\/uploads\/2022\/08\/Oteren-768x512.jpg 768w, https:\/\/www.elfis.no\/wp-content\/uploads\/2022\/08\/Oteren-1536x1024.jpg 1536w, https:\/\/www.elfis.no\/wp-content\/uploads\/2022\/08\/Oteren-2048x1365.jpg 2048w\" sizes=\"auto, (max-width: 2560px) 100vw, 2560px\" \/><\/a><\/figure><\/div>\n\n\n\n<div class=\"wp-block-column is-layout-flow wp-block-column-is-layout-flow\" style=\"flex-basis:33.33%\"><h2 class=\"wp-block-post-title\"><a href=\"https:\/\/www.elfis.no\/index.php\/2022\/08\/12\/oteren\/\" target=\"_self\" >Oteren<\/a><\/h2>\n\n<div class=\"wp-block-post-excerpt\"><p class=\"wp-block-post-excerpt__excerpt\">Hytta ble bygd i 2022, med stor terrasse og uteplass ved sj\u00f8en. Nydelig utsikt. Hytta er 45m2, og best\u00e5r av stue, kj\u00f8kken, bad , 1 soverom med dobbelt seng og hems rom med 2 enkeltsenger. Hytta har tv-internett. God parkering <\/p><\/div><\/div>\n<\/div>\n\n<\/li><li class=\"wp-block-post post-309 post type-post status-publish format-standard has-post-thumbnail hentry category-overnatting\">\n\n<div class=\"wp-block-columns alignwide is-layout-flex wp-container-core-columns-is-layout-9d6595d7 wp-block-columns-is-layout-flex\">\n<div class=\"wp-block-column is-layout-flow wp-block-column-is-layout-flow\" style=\"flex-basis:66.66%\"><figure class=\"wp-block-post-featured-image\"><a href=\"https:\/\/www.elfis.no\/index.php\/2018\/10\/30\/skarven\/\" target=\"_self\"  ><img loading=\"lazy\" decoding=\"async\" width=\"2500\" height=\"1668\" src=\"https:\/\/www.elfis.no\/wp-content\/uploads\/2018\/10\/elfis_nyenhet02.jpg\" class=\"attachment-post-thumbnail size-post-thumbnail wp-post-image\" alt=\"Skarven\" style=\"object-fit:cover;\" srcset=\"https:\/\/www.elfis.no\/wp-content\/uploads\/2018\/10\/elfis_nyenhet02.jpg 2500w, https:\/\/www.elfis.no\/wp-content\/uploads\/2018\/10\/elfis_nyenhet02-300x200.jpg 300w, https:\/\/www.elfis.no\/wp-content\/uploads\/2018\/10\/elfis_nyenhet02-768x512.jpg 768w, https:\/\/www.elfis.no\/wp-content\/uploads\/2018\/10\/elfis_nyenhet02-1024x683.jpg 1024w\" sizes=\"auto, (max-width: 2500px) 100vw, 2500px\" \/><\/a><\/figure><\/div>\n\n\n\n<div class=\"wp-block-column is-layout-flow wp-block-column-is-layout-flow\" style=\"flex-basis:33.33%\"><h2 class=\"wp-block-post-title\"><a href=\"https:\/\/www.elfis.no\/index.php\/2018\/10\/30\/skarven\/\" target=\"_self\" >Skarven<\/a><\/h2>\n\n<div class=\"wp-block-post-excerpt\"><p class=\"wp-block-post-excerpt__excerpt\">Skarven er den st\u00f8rste hytta, bygd i 2019. Har flott beliggenhet og utsikt ved havet. God parkering. Hytte har 3 doble soverom, fullt utstyrt kj\u00f8kken med oppvaskmaskin. Stor stue\/spisestue. Veldig god plass p\u00e5 loft. <\/p><\/div><\/div>\n<\/div>\n\n<\/li><li class=\"wp-block-post post-40 post type-post status-publish format-standard has-post-thumbnail hentry category-overnatting\">\n\n<div class=\"wp-block-columns alignwide is-layout-flex wp-container-core-columns-is-layout-9d6595d7 wp-block-columns-is-layout-flex\">\n<div class=\"wp-block-column is-layout-flow wp-block-column-is-layout-flow\" style=\"flex-basis:66.66%\"><figure class=\"wp-block-post-featured-image\"><a href=\"https:\/\/www.elfis.no\/index.php\/2016\/11\/13\/campinghyttene-huldra-og-havfrua\/\" target=\"_self\"  ><img loading=\"lazy\" decoding=\"async\" width=\"2500\" height=\"1771\" src=\"https:\/\/www.elfis.no\/wp-content\/uploads\/2016\/11\/17_red.jpg\" class=\"attachment-post-thumbnail size-post-thumbnail wp-post-image\" alt=\"Pods, Huldra og Havfrua\" style=\"object-fit:cover;\" srcset=\"https:\/\/www.elfis.no\/wp-content\/uploads\/2016\/11\/17_red.jpg 2500w, https:\/\/www.elfis.no\/wp-content\/uploads\/2016\/11\/17_red-300x213.jpg 300w, https:\/\/www.elfis.no\/wp-content\/uploads\/2016\/11\/17_red-768x544.jpg 768w, https:\/\/www.elfis.no\/wp-content\/uploads\/2016\/11\/17_red-1024x725.jpg 1024w\" sizes=\"auto, (max-width: 2500px) 100vw, 2500px\" \/><\/a><\/figure><\/div>\n\n\n\n<div class=\"wp-block-column is-layout-flow wp-block-column-is-layout-flow\" style=\"flex-basis:33.33%\"><h2 class=\"wp-block-post-title\"><a href=\"https:\/\/www.elfis.no\/index.php\/2016\/11\/13\/campinghyttene-huldra-og-havfrua\/\" target=\"_self\" >Pods, Huldra og Havfrua<\/a><\/h2>\n\n<div class=\"wp-block-post-excerpt\"><p class=\"wp-block-post-excerpt__excerpt\">Veldig koselige pods\/sm\u00e5hytter Huldra og Havfrua, som ligger rett ved fellesbygget Naustet. Fine enheter for de som \u00f8nsker et rimeligere og enklere opphold. <\/p><\/div><\/div>\n<\/div>\n\n<\/li><li class=\"wp-block-post post-38 post type-post status-publish format-standard has-post-thumbnail hentry category-overnatting\">\n\n<div class=\"wp-block-columns alignwide is-layout-flex wp-container-core-columns-is-layout-9d6595d7 wp-block-columns-is-layout-flex\">\n<div class=\"wp-block-column is-layout-flow wp-block-column-is-layout-flow\" style=\"flex-basis:66.66%\"><figure class=\"wp-block-post-featured-image\"><a href=\"https:\/\/www.elfis.no\/index.php\/2016\/11\/13\/annekset\/\" target=\"_self\"  ><img loading=\"lazy\" decoding=\"async\" width=\"2000\" height=\"1334\" src=\"https:\/\/www.elfis.no\/wp-content\/uploads\/2016\/11\/Elfis20_web.jpg\" class=\"attachment-post-thumbnail size-post-thumbnail wp-post-image\" alt=\"Annekset\" style=\"object-fit:cover;\" srcset=\"https:\/\/www.elfis.no\/wp-content\/uploads\/2016\/11\/Elfis20_web.jpg 2000w, https:\/\/www.elfis.no\/wp-content\/uploads\/2016\/11\/Elfis20_web-300x200.jpg 300w, https:\/\/www.elfis.no\/wp-content\/uploads\/2016\/11\/Elfis20_web-768x512.jpg 768w, https:\/\/www.elfis.no\/wp-content\/uploads\/2016\/11\/Elfis20_web-1024x683.jpg 1024w\" sizes=\"auto, (max-width: 2000px) 100vw, 2000px\" \/><\/a><\/figure><\/div>\n\n\n\n<div class=\"wp-block-column is-layout-flow wp-block-column-is-layout-flow\" style=\"flex-basis:33.33%\"><h2 class=\"wp-block-post-title\"><a href=\"https:\/\/www.elfis.no\/index.php\/2016\/11\/13\/annekset\/\" target=\"_self\" >Annekset<\/a><\/h2>\n\n<div class=\"wp-block-post-excerpt\"><p class=\"wp-block-post-excerpt__excerpt\">Lite rom i anneks for de som \u00f8nsker et enkelt alternativ. 2 sengeplasser. Ligger rett ved Ragnhildstua, s\u00e5 det er naturlig \u00e5 leie disse to sammen. Dusj\/toalett tilgjengelig et lite stykke unna, men ikke kj\u00f8kken. <\/p><\/div><\/div>\n<\/div>\n\n<\/li><li class=\"wp-block-post post-29 post type-post status-publish format-standard has-post-thumbnail hentry category-overnatting\">\n\n<div class=\"wp-block-columns alignwide is-layout-flex wp-container-core-columns-is-layout-9d6595d7 wp-block-columns-is-layout-flex\">\n<div class=\"wp-block-column is-layout-flow wp-block-column-is-layout-flow\" style=\"flex-basis:66.66%\"><figure class=\"wp-block-post-featured-image\"><a href=\"https:\/\/www.elfis.no\/index.php\/2016\/11\/13\/ragnhildstua\/\" target=\"_self\"  ><img loading=\"lazy\" decoding=\"async\" width=\"2048\" height=\"1250\" src=\"https:\/\/www.elfis.no\/wp-content\/uploads\/2016\/11\/Ragnhildstua-utvendig.jpg\" class=\"attachment-post-thumbnail size-post-thumbnail wp-post-image\" alt=\"Ragnhildstua\" style=\"object-fit:cover;\" srcset=\"https:\/\/www.elfis.no\/wp-content\/uploads\/2016\/11\/Ragnhildstua-utvendig.jpg 2048w, https:\/\/www.elfis.no\/wp-content\/uploads\/2016\/11\/Ragnhildstua-utvendig-300x183.jpg 300w, https:\/\/www.elfis.no\/wp-content\/uploads\/2016\/11\/Ragnhildstua-utvendig-1024x625.jpg 1024w, https:\/\/www.elfis.no\/wp-content\/uploads\/2016\/11\/Ragnhildstua-utvendig-768x469.jpg 768w, https:\/\/www.elfis.no\/wp-content\/uploads\/2016\/11\/Ragnhildstua-utvendig-1536x938.jpg 1536w\" sizes=\"auto, (max-width: 2048px) 100vw, 2048px\" \/><\/a><\/figure><\/div>\n\n\n\n<div class=\"wp-block-column is-layout-flow wp-block-column-is-layout-flow\" style=\"flex-basis:33.33%\"><h2 class=\"wp-block-post-title\"><a href=\"https:\/\/www.elfis.no\/index.php\/2016\/11\/13\/ragnhildstua\/\" target=\"_self\" >Ragnhildstua<\/a><\/h2>\n\n<div class=\"wp-block-post-excerpt\"><p class=\"wp-block-post-excerpt__excerpt\">Denne utrolig koselige hytta, ligger oppe ved hovedvei litt adskilt fra resten av Elfis. Nydelig utsikt, med stor terrasse.God parkering. Selve hytta har 2 soverom med dobbeltseng, 2 stuer, fullt utstyrt kj\u00f8kken med oppvaskmaskin, bad. Tv-internett. I tillegg et anneks med dobbeltseng. S\u00e5 med begge enheter samlet , er der 8 liggeplasser. <\/p><\/div><\/div>\n<\/div>\n\n<\/li><li class=\"wp-block-post post-21 post type-post status-publish format-standard has-post-thumbnail hentry category-overnatting\">\n\n<div class=\"wp-block-columns alignwide is-layout-flex wp-container-core-columns-is-layout-9d6595d7 wp-block-columns-is-layout-flex\">\n<div class=\"wp-block-column is-layout-flow wp-block-column-is-layout-flow\" style=\"flex-basis:66.66%\"><figure class=\"wp-block-post-featured-image\"><a href=\"https:\/\/www.elfis.no\/index.php\/2016\/11\/13\/kaistua\/\" target=\"_self\"  ><img loading=\"lazy\" decoding=\"async\" width=\"2048\" height=\"1366\" src=\"https:\/\/www.elfis.no\/wp-content\/uploads\/2016\/11\/Kai-stua-utvendig.jpg\" class=\"attachment-post-thumbnail size-post-thumbnail wp-post-image\" alt=\"Kaistua\" style=\"object-fit:cover;\" srcset=\"https:\/\/www.elfis.no\/wp-content\/uploads\/2016\/11\/Kai-stua-utvendig.jpg 2048w, https:\/\/www.elfis.no\/wp-content\/uploads\/2016\/11\/Kai-stua-utvendig-300x200.jpg 300w, https:\/\/www.elfis.no\/wp-content\/uploads\/2016\/11\/Kai-stua-utvendig-1024x683.jpg 1024w, https:\/\/www.elfis.no\/wp-content\/uploads\/2016\/11\/Kai-stua-utvendig-768x512.jpg 768w, https:\/\/www.elfis.no\/wp-content\/uploads\/2016\/11\/Kai-stua-utvendig-1536x1025.jpg 1536w\" sizes=\"auto, (max-width: 2048px) 100vw, 2048px\" \/><\/a><\/figure><\/div>\n\n\n\n<div class=\"wp-block-column is-layout-flow wp-block-column-is-layout-flow\" style=\"flex-basis:33.33%\"><h2 class=\"wp-block-post-title\"><a href=\"https:\/\/www.elfis.no\/index.php\/2016\/11\/13\/kaistua\/\" target=\"_self\" >Kaistua<\/a><\/h2>\n\n<div class=\"wp-block-post-excerpt\"><p class=\"wp-block-post-excerpt__excerpt\">Denne flotte enheten har sitt eget kai med flytebrygge. Perfekt for de fiskeglade, som ogs\u00e5 har b\u00e5t. Endog veldig koselig for de uten b\u00e5t ogs\u00e5. <\/p><\/div><\/div>\n<\/div>\n\n<\/li><li class=\"wp-block-post post-14 post type-post status-publish format-standard has-post-thumbnail hentry category-overnatting\">\n\n<div class=\"wp-block-columns alignwide is-layout-flex wp-container-core-columns-is-layout-9d6595d7 wp-block-columns-is-layout-flex\">\n<div class=\"wp-block-column is-layout-flow wp-block-column-is-layout-flow\" style=\"flex-basis:66.66%\"><figure class=\"wp-block-post-featured-image\"><a href=\"https:\/\/www.elfis.no\/index.php\/2016\/11\/13\/naustet-1-og-2\/\" target=\"_self\"  ><img loading=\"lazy\" decoding=\"async\" width=\"2000\" height=\"1336\" src=\"https:\/\/www.elfis.no\/wp-content\/uploads\/2016\/11\/Elfis01_web.jpg\" class=\"attachment-post-thumbnail size-post-thumbnail wp-post-image\" alt=\"Leiligheter 1 og 2 p\u00e5 &laquo;Naustet&raquo;\" style=\"object-fit:cover;\" srcset=\"https:\/\/www.elfis.no\/wp-content\/uploads\/2016\/11\/Elfis01_web.jpg 2000w, https:\/\/www.elfis.no\/wp-content\/uploads\/2016\/11\/Elfis01_web-300x200.jpg 300w, https:\/\/www.elfis.no\/wp-content\/uploads\/2016\/11\/Elfis01_web-768x513.jpg 768w, https:\/\/www.elfis.no\/wp-content\/uploads\/2016\/11\/Elfis01_web-1024x684.jpg 1024w\" sizes=\"auto, (max-width: 2000px) 100vw, 2000px\" \/><\/a><\/figure><\/div>\n\n\n\n<div class=\"wp-block-column is-layout-flow wp-block-column-is-layout-flow\" style=\"flex-basis:33.33%\"><h2 class=\"wp-block-post-title\"><a href=\"https:\/\/www.elfis.no\/index.php\/2016\/11\/13\/naustet-1-og-2\/\" target=\"_self\" >Leiligheter 1 og 2 p\u00e5 &laquo;Naustet&raquo;<\/a><\/h2>\n\n<div class=\"wp-block-post-excerpt\"><p class=\"wp-block-post-excerpt__excerpt\">Et rimeligere bo alternativ p\u00e5 Elfis. 2 leiligheter i 2 etg.av Naustet, med eget kj\u00f8kken og bad. Familiek\u00f8ye med 3 sengeplasser, men ogs\u00e5 mulig \u00e5 bruke sovesofa. <\/p><\/div><\/div>\n<\/div>\n\n<\/li><\/ul><\/div>\n","protected":false},"excerpt":{"rendered":"<p>Elfis Sj\u00f8stuer kan tilby overnatting i hytte og rorbu, samt 2 leiligheter i Her\u00f8y p\u00e5 Helgelandskysten i Nordland. De to leilighetene ligger i 2 etasje av et nyrestaurert naust helt ned mot sj\u00f8en og har 4 sengeplasser hver.<\/p>\n","protected":false},"author":1,"featured_media":0,"parent":0,"menu_order":0,"comment_status":"closed","ping_status":"closed","template":"","meta":{"footnotes":""},"class_list":["post-52","page","type-page","status-publish"],"aioseo_notices":[],"_links":{"self":[{"href":"https:\/\/www.elfis.no\/index.php\/wp-json\/wp\/v2\/pages\/52","targetHints":{"allow":["GET"]}}],"collection":[{"href":"https:\/\/www.elfis.no\/index.php\/wp-json\/wp\/v2\/pages"}],"about":[{"href":"https:\/\/www.elfis.no\/index.php\/wp-json\/wp\/v2\/types\/page"}],"author":[{"embeddable":true,"href":"https:\/\/www.elfis.no\/index.php\/wp-json\/wp\/v2\/users\/1"}],"replies":[{"embeddable":true,"href":"https:\/\/www.elfis.no\/index.php\/wp-json\/wp\/v2\/comments?post=52"}],"version-history":[{"count":30,"href":"https:\/\/www.elfis.no\/index.php\/wp-json\/wp\/v2\/pages\/52\/revisions"}],"predecessor-version":[{"id":680,"href":"https:\/\/www.elfis.no\/index.php\/wp-json\/wp\/v2\/pages\/52\/revisions\/680"}],"wp:attachment":[{"href":"https:\/\/www.elfis.no\/index.php\/wp-json\/wp\/v2\/media?parent=52"}],"curies":[{"name":"wp","href":"https:\/\/api.w.org\/{rel}","templated":true}]}}