{"id":57,"date":"2016-11-17T11:01:30","date_gmt":"2016-11-17T10:01:30","guid":{"rendered":"http:\/\/rv17.no\/prosjekter\/elfisno\/?page_id=57"},"modified":"2025-09-14T16:52:05","modified_gmt":"2025-09-14T14:52:05","slug":"aktiviteter","status":"publish","type":"page","link":"https:\/\/www.elfis.no\/index.php\/aktiviteter\/","title":{"rendered":"Aktiviteter"},"content":{"rendered":"\n<p><strong>Her\u00f8y er kun et \u00f8yhopp fra fastlandet og Sandnessj\u00f8en, og et fantastisk utgangspunkt for en oppdagelsesreise langs Helgelandskysten. Fra Elfis er veien kort til to av de mest kjente fjellformasjonene i omr\u00e5det &#8211; &laquo;De Syv S\u00f8stre&raquo; og &laquo;D\u00f8nnamannen&raquo;.<\/strong><\/p>\n\n\n\n<h3 class=\"wp-block-heading\">Galleri Elfi<\/h3>\n\n\n\n<p>Galleri Elfi ligger i 1 etasje i Naustet. Her kan du se malerier, malt av Elfrida, hvor mange av motivene er hentet fra helgelandskysten. Rommet er i 1.etg.i naustet og egner seg godt som m\u00f8terom\/fellesrom for sm\u00e5 grupper\/bedrifter.<\/p>\n\n\n\n<p>Inneholder, foruten bord og stoler, ogs\u00e5 komfyr, kj\u00f8leskap, oppvaskmaskin, dekket\u00f8y og utstyr til 24 personer.<\/p>\n\n\n\n<figure class=\"wp-block-gallery has-nested-images columns-2 is-cropped wp-block-gallery-1 is-layout-flex wp-block-gallery-is-layout-flex\">\n<figure class=\"wp-block-image size-large\"><a href=\"https:\/\/www.elfis.no\/wp-content\/uploads\/2016\/11\/094.jpg\"><img loading=\"lazy\" decoding=\"async\" width=\"800\" height=\"600\" data-id=\"83\" src=\"https:\/\/www.elfis.no\/wp-content\/uploads\/2016\/11\/094.jpg\" alt=\"\" class=\"wp-image-83\" srcset=\"https:\/\/www.elfis.no\/wp-content\/uploads\/2016\/11\/094.jpg 800w, https:\/\/www.elfis.no\/wp-content\/uploads\/2016\/11\/094-300x225.jpg 300w, https:\/\/www.elfis.no\/wp-content\/uploads\/2016\/11\/094-768x576.jpg 768w\" sizes=\"auto, (max-width: 800px) 100vw, 800px\" \/><\/a><\/figure>\n\n\n\n<figure class=\"wp-block-image size-large\"><a href=\"https:\/\/www.elfis.no\/wp-content\/uploads\/2016\/11\/Elfis01_web.jpg\"><img loading=\"lazy\" decoding=\"async\" width=\"1024\" height=\"684\" data-id=\"15\" src=\"https:\/\/www.elfis.no\/wp-content\/uploads\/2016\/11\/Elfis01_web-1024x684.jpg\" alt=\"\" class=\"wp-image-15\" srcset=\"https:\/\/www.elfis.no\/wp-content\/uploads\/2016\/11\/Elfis01_web-1024x684.jpg 1024w, https:\/\/www.elfis.no\/wp-content\/uploads\/2016\/11\/Elfis01_web-300x200.jpg 300w, https:\/\/www.elfis.no\/wp-content\/uploads\/2016\/11\/Elfis01_web-768x513.jpg 768w, https:\/\/www.elfis.no\/wp-content\/uploads\/2016\/11\/Elfis01_web.jpg 2000w\" sizes=\"auto, (max-width: 1024px) 100vw, 1024px\" \/><\/a><\/figure>\n<\/figure>\n\n\n\n<div style=\"height:100px\" aria-hidden=\"true\" class=\"wp-block-spacer\"><\/div>\n\n\n\n<h2 class=\"wp-block-heading\">Opplev Helgelandskysten !<\/h2>\n\n\n\n<div class=\"wp-block-query is-layout-flow wp-block-query-is-layout-flow\"><ul class=\"wp-block-post-template is-layout-flow wp-block-post-template-is-layout-flow\"><li class=\"wp-block-post post-271 post type-post status-publish format-standard has-post-thumbnail hentry category-aktiviteter\">\n\n<div class=\"wp-block-columns alignwide is-layout-flex wp-container-core-columns-is-layout-9d6595d7 wp-block-columns-is-layout-flex\">\n<div class=\"wp-block-column is-layout-flow wp-block-column-is-layout-flow\" style=\"flex-basis:66.66%\"><figure class=\"wp-block-post-featured-image\"><a href=\"https:\/\/www.elfis.no\/index.php\/2018\/09\/25\/fjelltur-de-syv-sostre\/\" target=\"_self\"  ><img loading=\"lazy\" decoding=\"async\" width=\"2500\" height=\"1875\" src=\"https:\/\/www.elfis.no\/wp-content\/uploads\/2018\/09\/IMG_2905_web.jpg\" class=\"attachment-post-thumbnail size-post-thumbnail wp-post-image\" alt=\"Fjelltur: De Syv S\u00f8stre\" style=\"object-fit:cover;\" srcset=\"https:\/\/www.elfis.no\/wp-content\/uploads\/2018\/09\/IMG_2905_web.jpg 2500w, https:\/\/www.elfis.no\/wp-content\/uploads\/2018\/09\/IMG_2905_web-300x225.jpg 300w, https:\/\/www.elfis.no\/wp-content\/uploads\/2018\/09\/IMG_2905_web-768x576.jpg 768w, https:\/\/www.elfis.no\/wp-content\/uploads\/2018\/09\/IMG_2905_web-1024x768.jpg 1024w\" sizes=\"auto, (max-width: 2500px) 100vw, 2500px\" \/><\/a><\/figure><\/div>\n\n\n\n<div class=\"wp-block-column is-layout-flow wp-block-column-is-layout-flow\" style=\"flex-basis:33.33%\"><h2 class=\"wp-block-post-title\"><a href=\"https:\/\/www.elfis.no\/index.php\/2018\/09\/25\/fjelltur-de-syv-sostre\/\" target=\"_self\" >Fjelltur: De Syv S\u00f8stre<\/a><\/h2>\n\n<div class=\"wp-block-post-excerpt\"><p class=\"wp-block-post-excerpt__excerpt\">Elfis\u00a0er et perfekt utgangspunkt for \u00e5 oppleve en av Helgelands mest spektakul\u00e6re topper &#8211; De Syv S\u00f8stre. Tar du ferga over til S\u00f8vik er det kun noen hundre meter til parkeringa til den sydligste toppen &#8211; Stortinden. S\u00e5 ligger de andre der ogs\u00e5 &#8211; som perler p\u00e5 en snor. Dette turforslaget beskriver turen opp p\u00e5&hellip; <\/p><\/div><\/div>\n<\/div>\n\n<\/li><li class=\"wp-block-post post-68 post type-post status-publish format-standard has-post-thumbnail hentry category-aktiviteter\">\n\n<div class=\"wp-block-columns alignwide is-layout-flex wp-container-core-columns-is-layout-9d6595d7 wp-block-columns-is-layout-flex\">\n<div class=\"wp-block-column is-layout-flow wp-block-column-is-layout-flow\" style=\"flex-basis:66.66%\"><figure class=\"wp-block-post-featured-image\"><a href=\"https:\/\/www.elfis.no\/index.php\/2016\/11\/17\/donnamannen-en-av-helgelands-mest-populaere-fjelltopper\/\" target=\"_self\"  ><img loading=\"lazy\" decoding=\"async\" width=\"1024\" height=\"683\" src=\"https:\/\/www.elfis.no\/wp-content\/uploads\/2016\/11\/IMG_8870.jpg\" class=\"attachment-post-thumbnail size-post-thumbnail wp-post-image\" alt=\"D\u00f8nnamannen &#8211; en av Helgelands mest popul\u00e6re fjelltopper\" style=\"object-fit:cover;\" srcset=\"https:\/\/www.elfis.no\/wp-content\/uploads\/2016\/11\/IMG_8870.jpg 1024w, https:\/\/www.elfis.no\/wp-content\/uploads\/2016\/11\/IMG_8870-300x200.jpg 300w, https:\/\/www.elfis.no\/wp-content\/uploads\/2016\/11\/IMG_8870-768x512.jpg 768w\" sizes=\"auto, (max-width: 1024px) 100vw, 1024px\" \/><\/a><\/figure><\/div>\n\n\n\n<div class=\"wp-block-column is-layout-flow wp-block-column-is-layout-flow\" style=\"flex-basis:33.33%\"><h2 class=\"wp-block-post-title\"><a href=\"https:\/\/www.elfis.no\/index.php\/2016\/11\/17\/donnamannen-en-av-helgelands-mest-populaere-fjelltopper\/\" target=\"_self\" >D\u00f8nnamannen &#8211; en av Helgelands mest popul\u00e6re fjelltopper<\/a><\/h2>\n\n<div class=\"wp-block-post-excerpt\"><p class=\"wp-block-post-excerpt__excerpt\">D\u00f8nnamannen (858 m.o.h) er en av Helgelands mest spektakul\u00e6re topper, og utgangspunktet for \u00e5 g\u00e5 opp fjellet ligger kun noen kilometer fra Elfis. D\u00f8nnmannen er regnet som en krevende tur, og en b\u00f8r v\u00e6re fjellvant. <\/p><\/div><\/div>\n<\/div>\n\n<\/li><li class=\"wp-block-post post-66 post type-post status-publish format-standard has-post-thumbnail hentry category-aktiviteter\">\n\n<div class=\"wp-block-columns alignwide is-layout-flex wp-container-core-columns-is-layout-9d6595d7 wp-block-columns-is-layout-flex\">\n<div class=\"wp-block-column is-layout-flow wp-block-column-is-layout-flow\" style=\"flex-basis:66.66%\"><figure class=\"wp-block-post-featured-image\"><a href=\"https:\/\/www.elfis.no\/index.php\/2016\/11\/17\/heroy-et-sykkeleldorado\/\" target=\"_self\"  ><img loading=\"lazy\" decoding=\"async\" width=\"500\" height=\"375\" src=\"https:\/\/www.elfis.no\/wp-content\/uploads\/2016\/11\/krv7125.jpg\" class=\"attachment-post-thumbnail size-post-thumbnail wp-post-image\" alt=\"Her\u00f8y &#8211; et sykkeleldorado\" style=\"object-fit:cover;\" srcset=\"https:\/\/www.elfis.no\/wp-content\/uploads\/2016\/11\/krv7125.jpg 500w, https:\/\/www.elfis.no\/wp-content\/uploads\/2016\/11\/krv7125-300x225.jpg 300w\" sizes=\"auto, (max-width: 500px) 100vw, 500px\" \/><\/a><\/figure><\/div>\n\n\n\n<div class=\"wp-block-column is-layout-flow wp-block-column-is-layout-flow\" style=\"flex-basis:33.33%\"><h2 class=\"wp-block-post-title\"><a href=\"https:\/\/www.elfis.no\/index.php\/2016\/11\/17\/heroy-et-sykkeleldorado\/\" target=\"_self\" >Her\u00f8y &#8211; et sykkeleldorado<\/a><\/h2>\n\n<div class=\"wp-block-post-excerpt\"><p class=\"wp-block-post-excerpt__excerpt\">Her\u00f8y er et perfekt utgangspunkt for \u00f8yhopping med sykkel p\u00e5 Helgeland. Vi gir dere gode tips til turen, og har sykler til utleie. <\/p><\/div><\/div>\n<\/div>\n\n<\/li><\/ul><\/div>\n","protected":false},"excerpt":{"rendered":"<p>Her\u00f8y er kun et \u00f8yhopp fra fastlandet og Sandnessj\u00f8en, og et fantastisk utgangspunkt for en oppdagelsesreise langs Helgelandskysten. Fra Elfis er veien kort til to av de mest kjente fjellformasjonene i omr\u00e5det &#8211; &laquo;De Syv S\u00f8stre&raquo; og &laquo;D\u00f8nnamannen&raquo;.<\/p>\n","protected":false},"author":1,"featured_media":58,"parent":0,"menu_order":0,"comment_status":"closed","ping_status":"closed","template":"","meta":{"footnotes":""},"class_list":["post-57","page","type-page","status-publish","has-post-thumbnail"],"aioseo_notices":[],"_links":{"self":[{"href":"https:\/\/www.elfis.no\/index.php\/wp-json\/wp\/v2\/pages\/57","targetHints":{"allow":["GET"]}}],"collection":[{"href":"https:\/\/www.elfis.no\/index.php\/wp-json\/wp\/v2\/pages"}],"about":[{"href":"https:\/\/www.elfis.no\/index.php\/wp-json\/wp\/v2\/types\/page"}],"author":[{"embeddable":true,"href":"https:\/\/www.elfis.no\/index.php\/wp-json\/wp\/v2\/users\/1"}],"replies":[{"embeddable":true,"href":"https:\/\/www.elfis.no\/index.php\/wp-json\/wp\/v2\/comments?post=57"}],"version-history":[{"count":7,"href":"https:\/\/www.elfis.no\/index.php\/wp-json\/wp\/v2\/pages\/57\/revisions"}],"predecessor-version":[{"id":656,"href":"https:\/\/www.elfis.no\/index.php\/wp-json\/wp\/v2\/pages\/57\/revisions\/656"}],"wp:featuredmedia":[{"embeddable":true,"href":"https:\/\/www.elfis.no\/index.php\/wp-json\/wp\/v2\/media\/58"}],"wp:attachment":[{"href":"https:\/\/www.elfis.no\/index.php\/wp-json\/wp\/v2\/media?parent=57"}],"curies":[{"name":"wp","href":"https:\/\/api.w.org\/{rel}","templated":true}]}}