{"id":77,"date":"2016-11-20T10:24:52","date_gmt":"2016-11-20T09:24:52","guid":{"rendered":"http:\/\/rv17.no\/prosjekter\/elfisno\/?page_id=77"},"modified":"2018-09-27T10:12:45","modified_gmt":"2018-09-27T08:12:45","slug":"kurskonferanse","status":"publish","type":"page","link":"https:\/\/www.elfis.no\/index.php\/aktiviteter\/kurskonferanse\/","title":{"rendered":"Kurs\/konferanse"},"content":{"rendered":"<h3><\/h3>\n<div id='gallery-1' class='gallery galleryid-77 gallery-columns-2 gallery-size-medium'><figure class='gallery-item'>\n\t\t\t<div class='gallery-icon landscape'>\n\t\t\t\t<a href='https:\/\/www.elfis.no\/wp-content\/uploads\/2016\/11\/Elfis01_web.jpg'><img loading=\"lazy\" decoding=\"async\" width=\"300\" height=\"200\" src=\"https:\/\/www.elfis.no\/wp-content\/uploads\/2016\/11\/Elfis01_web-300x200.jpg\" class=\"attachment-medium size-medium\" alt=\"\" aria-describedby=\"gallery-1-15\" srcset=\"https:\/\/www.elfis.no\/wp-content\/uploads\/2016\/11\/Elfis01_web-300x200.jpg 300w, https:\/\/www.elfis.no\/wp-content\/uploads\/2016\/11\/Elfis01_web-768x513.jpg 768w, https:\/\/www.elfis.no\/wp-content\/uploads\/2016\/11\/Elfis01_web-1024x684.jpg 1024w, https:\/\/www.elfis.no\/wp-content\/uploads\/2016\/11\/Elfis01_web.jpg 2000w\" sizes=\"auto, (max-width: 300px) 100vw, 300px\" \/><\/a>\n\t\t\t<\/div>\n\t\t\t\t<figcaption class='wp-caption-text gallery-caption' id='gallery-1-15'>\n\t\t\t\tLigger p\u00e5 &laquo;Skr\u00e5planet&raquo; i Naustet\n\t\t\t\t<\/figcaption><\/figure><figure class='gallery-item'>\n\t\t\t<div class='gallery-icon landscape'>\n\t\t\t\t<a href='https:\/\/www.elfis.no\/wp-content\/uploads\/2016\/11\/krv8014.jpg'><img loading=\"lazy\" decoding=\"async\" width=\"300\" height=\"225\" src=\"https:\/\/www.elfis.no\/wp-content\/uploads\/2016\/11\/krv8014-300x225.jpg\" class=\"attachment-medium size-medium\" alt=\"\" aria-describedby=\"gallery-1-78\" srcset=\"https:\/\/www.elfis.no\/wp-content\/uploads\/2016\/11\/krv8014-300x225.jpg 300w, https:\/\/www.elfis.no\/wp-content\/uploads\/2016\/11\/krv8014.jpg 480w\" sizes=\"auto, (max-width: 300px) 100vw, 300px\" \/><\/a>\n\t\t\t<\/div>\n\t\t\t\t<figcaption class='wp-caption-text gallery-caption' id='gallery-1-78'>\n\t\t\t\tDere m\u00f8tes p\u00e5 Skr\u00e5planet !\n\t\t\t\t<\/figcaption><\/figure><figure class='gallery-item'>\n\t\t\t<div class='gallery-icon landscape'>\n\t\t\t\t<a href='https:\/\/www.elfis.no\/wp-content\/uploads\/2016\/11\/namdalskysten10.jpg'><img loading=\"lazy\" decoding=\"async\" width=\"300\" height=\"200\" src=\"https:\/\/www.elfis.no\/wp-content\/uploads\/2016\/11\/namdalskysten10-300x200.jpg\" class=\"attachment-medium size-medium\" alt=\"\" srcset=\"https:\/\/www.elfis.no\/wp-content\/uploads\/2016\/11\/namdalskysten10-300x200.jpg 300w, https:\/\/www.elfis.no\/wp-content\/uploads\/2016\/11\/namdalskysten10-768x512.jpg 768w, https:\/\/www.elfis.no\/wp-content\/uploads\/2016\/11\/namdalskysten10-1024x683.jpg 1024w\" sizes=\"auto, (max-width: 300px) 100vw, 300px\" \/><\/a>\n\t\t\t<\/div><\/figure>\n\t\t<\/div>\n\n<h3>Kurs &#8211; konferanser &#8211; m\u00f8ter &#8211; bl\u00e5turer p\u00e5 Elfis<\/h3>\n<p><strong>Dere m\u00f8tes p\u00e5 skr\u00e5planet !<\/strong><br \/>\nSkr\u00e5planet ligger i Naustet, og egner seg godt som m\u00f8terom\/fellesrom for sm\u00e5 grupper\/bedrifter. Foruten dekket\u00f8y og utstyr til 24 personer, er det ogs\u00e5 her fullt utstyrt kj\u00f8kken for de som \u00f8nsker \u00e5 st\u00e5 for serveringa selv.<\/p>\n<p>Elfis ordner med servering p\u00e5 bestilling om dette er \u00f8nskelig.<\/p>\n<h3>Priser og tilbud<\/h3>\n<p>I andre etasje av Naustet (Skr\u00e5planet i f\u00f8rste) er det to leiligheter med plass til 8 &#8211; 10 personer.<\/p>\n<p>For grupper opp til 22 personer (maks 24 om dere er veldig sosiale), kan hele annlegget leies.<\/p>\n<h3>Aktiviteter !!<\/h3>\n<p>Fra Skr\u00e5planet trenger dere ikke g\u00e5 mer enn noen meter til kaia. Hva med \u00e5 bli plukket opp av en hurtigg\u00e5ende RIB som tar dere med p\u00e5 en &laquo;bl\u00e5tur&raquo; ut i havgapet \u00a0?<\/p>\n<p>Vi kan skreddersy opplegg med mange spennede aktiviteter &#8211; <a href=\"http:\/\/www.elfis.no\/index.php\/aktiviteter\/\">se flere forslag her.<\/a><\/p>\n","protected":false},"excerpt":{"rendered":"<p>P\u00e5 Elfis m\u00f8tes dere p\u00e5 skr\u00e5planet ! Sosial og skr\u00e5 m\u00f8teplass for grupper og bedrifter som \u00f8nsker en spesiell ramme rundt sitt m\u00f8te eller sosiale arrangement. <\/p>\n","protected":false},"author":1,"featured_media":78,"parent":57,"menu_order":0,"comment_status":"closed","ping_status":"closed","template":"page_temaside1.php","meta":{"footnotes":""},"class_list":["post-77","page","type-page","status-publish","has-post-thumbnail"],"aioseo_notices":[],"_links":{"self":[{"href":"https:\/\/www.elfis.no\/index.php\/wp-json\/wp\/v2\/pages\/77","targetHints":{"allow":["GET"]}}],"collection":[{"href":"https:\/\/www.elfis.no\/index.php\/wp-json\/wp\/v2\/pages"}],"about":[{"href":"https:\/\/www.elfis.no\/index.php\/wp-json\/wp\/v2\/types\/page"}],"author":[{"embeddable":true,"href":"https:\/\/www.elfis.no\/index.php\/wp-json\/wp\/v2\/users\/1"}],"replies":[{"embeddable":true,"href":"https:\/\/www.elfis.no\/index.php\/wp-json\/wp\/v2\/comments?post=77"}],"version-history":[{"count":6,"href":"https:\/\/www.elfis.no\/index.php\/wp-json\/wp\/v2\/pages\/77\/revisions"}],"predecessor-version":[{"id":295,"href":"https:\/\/www.elfis.no\/index.php\/wp-json\/wp\/v2\/pages\/77\/revisions\/295"}],"up":[{"embeddable":true,"href":"https:\/\/www.elfis.no\/index.php\/wp-json\/wp\/v2\/pages\/57"}],"wp:featuredmedia":[{"embeddable":true,"href":"https:\/\/www.elfis.no\/index.php\/wp-json\/wp\/v2\/media\/78"}],"wp:attachment":[{"href":"https:\/\/www.elfis.no\/index.php\/wp-json\/wp\/v2\/media?parent=77"}],"curies":[{"name":"wp","href":"https:\/\/api.w.org\/{rel}","templated":true}]}}