{"id":85,"date":"2016-11-20T10:46:18","date_gmt":"2016-11-20T09:46:18","guid":{"rendered":"http:\/\/rv17.no\/prosjekter\/elfisno\/?page_id=85"},"modified":"2025-09-14T09:50:56","modified_gmt":"2025-09-14T07:50:56","slug":"bilder-og-video","status":"publish","type":"page","link":"https:\/\/www.elfis.no\/index.php\/bilder-og-video\/","title":{"rendered":"Bilder og video"},"content":{"rendered":"\n<h2 class=\"wp-block-heading\">Velkommen til Elfis Sj\u00f8stuer:<\/h2>\n\n\n\n<div class=\"wp-block-soliloquy-soliloquywp\"><div class=\"soliloquy-outer-container\" data-soliloquy-loaded=\"0\"><div aria-live=\"polite\" id=\"soliloquy-container-256_1\" class=\"soliloquy-container soliloquy-transition-fade soliloquy-fade soliloquy-controls-active soliloquy-arrows-active  soliloquy-theme-base no-js\" style=\"max-width:960px;margin:0 auto 20px;\"><ul id=\"soliloquy-256_1\" class=\"soliloquy-slider soliloquy-slides soliloquy-wrap soliloquy-clear\"><li aria-hidden=\"true\" class=\"soliloquy-item soliloquy-item-1 soliloquy-id-631 soliloquy-image-slide\" draggable=\"false\" style=\"list-style:none;\"><img decoding=\"async\" id=\"soliloquy-image-631\" class=\"soliloquy-image soliloquy-image-1\" src=\"https:\/\/www.elfis.no\/wp-content\/uploads\/2018\/09\/Elfis-med-tekst-960x600_c.jpg\" alt=\"Elfis med tekst\" data-soliloquy-src-mobile=\"https:\/\/www.elfis.no\/wp-content\/uploads\/2018\/09\/Elfis-med-tekst-600x200_c.jpg\" loading=\"lazy\" \/><\/li><li aria-hidden=\"true\" class=\"soliloquy-item soliloquy-item-2 soliloquy-id-629 soliloquy-image-slide\" draggable=\"false\" style=\"list-style:none;\"><img decoding=\"async\" id=\"soliloquy-image-629\" class=\"soliloquy-image soliloquy-image-2 soliloquy-preload\" src=\"https:\/\/www.elfis.no\/wp-content\/plugins\/soliloquy\/assets\/css\/images\/holder.gif\" data-soliloquy-src=\"https:\/\/www.elfis.no\/wp-content\/uploads\/2018\/09\/Elfis-collage-960x600_c.jpg\" alt=\"Elfis collage\" data-soliloquy-src-mobile=\"https:\/\/www.elfis.no\/wp-content\/uploads\/2018\/09\/Elfis-collage-600x200_c.jpg\" loading=\"lazy\" \/><\/li><li aria-hidden=\"true\" class=\"soliloquy-item soliloquy-item-3 soliloquy-id-262 soliloquy-image-slide\" draggable=\"false\" style=\"list-style:none;\"><img decoding=\"async\" id=\"soliloquy-image-262\" class=\"soliloquy-image soliloquy-image-3 soliloquy-preload\" src=\"https:\/\/www.elfis.no\/wp-content\/plugins\/soliloquy\/assets\/css\/images\/holder.gif\" data-soliloquy-src=\"https:\/\/www.elfis.no\/wp-content\/uploads\/2018\/09\/13-960x600_c.jpg\" alt=\"13\" data-soliloquy-src-mobile=\"https:\/\/www.elfis.no\/wp-content\/uploads\/2018\/09\/13-600x200_c.jpg\" loading=\"lazy\" \/><\/li><li aria-hidden=\"true\" class=\"soliloquy-item soliloquy-item-4 soliloquy-id-637 soliloquy-image-slide\" draggable=\"false\" style=\"list-style:none;\"><img decoding=\"async\" id=\"soliloquy-image-637\" class=\"soliloquy-image soliloquy-image-4 soliloquy-preload\" src=\"https:\/\/www.elfis.no\/wp-content\/plugins\/soliloquy\/assets\/css\/images\/holder.gif\" data-soliloquy-src=\"https:\/\/www.elfis.no\/wp-content\/uploads\/2018\/09\/Ragnhildstua-og-anneks-960x600_c.jpg\" alt=\"Ragnhildstua og anneks\" data-soliloquy-src-mobile=\"https:\/\/www.elfis.no\/wp-content\/uploads\/2018\/09\/Ragnhildstua-og-anneks-600x200_c.jpg\" loading=\"lazy\" \/><\/li><li aria-hidden=\"true\" class=\"soliloquy-item soliloquy-item-5 soliloquy-id-633 soliloquy-image-slide\" draggable=\"false\" style=\"list-style:none;\"><img decoding=\"async\" id=\"soliloquy-image-633\" class=\"soliloquy-image soliloquy-image-5 soliloquy-preload\" src=\"https:\/\/www.elfis.no\/wp-content\/plugins\/soliloquy\/assets\/css\/images\/holder.gif\" data-soliloquy-src=\"https:\/\/www.elfis.no\/wp-content\/uploads\/2018\/09\/Elfis-sjostuer-kontor-960x600_c.jpg\" alt=\"Elfis sj\u00f8stuer kontor\" data-soliloquy-src-mobile=\"https:\/\/www.elfis.no\/wp-content\/uploads\/2018\/09\/Elfis-sjostuer-kontor-600x200_c.jpg\" loading=\"lazy\" \/><\/li><li aria-hidden=\"true\" class=\"soliloquy-item soliloquy-item-6 soliloquy-id-219 soliloquy-image-slide\" draggable=\"false\" style=\"list-style:none;\"><img decoding=\"async\" id=\"soliloquy-image-219\" class=\"soliloquy-image soliloquy-image-6 soliloquy-preload\" src=\"https:\/\/www.elfis.no\/wp-content\/plugins\/soliloquy\/assets\/css\/images\/holder.gif\" data-soliloquy-src=\"https:\/\/www.elfis.no\/wp-content\/uploads\/2017\/03\/34_web-960x600_c.jpg\" alt=\"34_web\" data-soliloquy-src-mobile=\"https:\/\/www.elfis.no\/wp-content\/uploads\/2017\/03\/34_web-600x200_c.jpg\" loading=\"lazy\" \/><\/li><li aria-hidden=\"true\" class=\"soliloquy-item soliloquy-item-7 soliloquy-id-258 soliloquy-image-slide\" draggable=\"false\" style=\"list-style:none;\"><img decoding=\"async\" id=\"soliloquy-image-258\" class=\"soliloquy-image soliloquy-image-7 soliloquy-preload\" src=\"https:\/\/www.elfis.no\/wp-content\/plugins\/soliloquy\/assets\/css\/images\/holder.gif\" data-soliloquy-src=\"https:\/\/www.elfis.no\/wp-content\/uploads\/2018\/09\/3-960x600_c.jpg\" alt=\"3\" data-soliloquy-src-mobile=\"https:\/\/www.elfis.no\/wp-content\/uploads\/2018\/09\/3-600x200_c.jpg\" loading=\"lazy\" \/><\/li><li aria-hidden=\"true\" class=\"soliloquy-item soliloquy-item-8 soliloquy-id-259 soliloquy-image-slide\" draggable=\"false\" style=\"list-style:none;\"><img decoding=\"async\" id=\"soliloquy-image-259\" class=\"soliloquy-image soliloquy-image-8 soliloquy-preload\" src=\"https:\/\/www.elfis.no\/wp-content\/plugins\/soliloquy\/assets\/css\/images\/holder.gif\" data-soliloquy-src=\"https:\/\/www.elfis.no\/wp-content\/uploads\/2018\/09\/4-960x600_c.jpg\" alt=\"4\" data-soliloquy-src-mobile=\"https:\/\/www.elfis.no\/wp-content\/uploads\/2018\/09\/4-600x200_c.jpg\" loading=\"lazy\" \/><\/li><li aria-hidden=\"true\" class=\"soliloquy-item soliloquy-item-9 soliloquy-id-260 soliloquy-image-slide\" draggable=\"false\" style=\"list-style:none;\"><img decoding=\"async\" id=\"soliloquy-image-260\" class=\"soliloquy-image soliloquy-image-9 soliloquy-preload\" src=\"https:\/\/www.elfis.no\/wp-content\/plugins\/soliloquy\/assets\/css\/images\/holder.gif\" data-soliloquy-src=\"https:\/\/www.elfis.no\/wp-content\/uploads\/2018\/09\/5-960x600_c.jpg\" alt=\"5\" data-soliloquy-src-mobile=\"https:\/\/www.elfis.no\/wp-content\/uploads\/2018\/09\/5-600x200_c.jpg\" loading=\"lazy\" \/><\/li><li aria-hidden=\"true\" class=\"soliloquy-item soliloquy-item-10 soliloquy-id-264 soliloquy-image-slide\" draggable=\"false\" style=\"list-style:none;\"><img decoding=\"async\" id=\"soliloquy-image-264\" class=\"soliloquy-image soliloquy-image-10 soliloquy-preload\" src=\"https:\/\/www.elfis.no\/wp-content\/plugins\/soliloquy\/assets\/css\/images\/holder.gif\" data-soliloquy-src=\"https:\/\/www.elfis.no\/wp-content\/uploads\/2018\/09\/naustet-960x600_c.jpg\" alt=\"naustet\" data-soliloquy-src-mobile=\"https:\/\/www.elfis.no\/wp-content\/uploads\/2018\/09\/naustet-600x200_c.jpg\" loading=\"lazy\" \/><\/li><li aria-hidden=\"true\" class=\"soliloquy-item soliloquy-item-11 soliloquy-id-419 soliloquy-image-slide\" draggable=\"false\" style=\"list-style:none;\"><img decoding=\"async\" id=\"soliloquy-image-419\" class=\"soliloquy-image soliloquy-image-11 soliloquy-preload\" src=\"https:\/\/www.elfis.no\/wp-content\/plugins\/soliloquy\/assets\/css\/images\/holder.gif\" data-soliloquy-src=\"https:\/\/www.elfis.no\/wp-content\/uploads\/2018\/09\/Elfis-Sjostuer-HGL-01905_1920-scaled-960x600_c.jpg\" alt=\"Elfis-Sjostuer-HGL-01905_1920\" data-soliloquy-src-mobile=\"https:\/\/www.elfis.no\/wp-content\/uploads\/2018\/09\/Elfis-Sjostuer-HGL-01905_1920-scaled-600x200_c.jpg\" loading=\"lazy\" \/><\/li><li aria-hidden=\"true\" class=\"soliloquy-item soliloquy-item-12 soliloquy-id-421 soliloquy-image-slide\" draggable=\"false\" style=\"list-style:none;\"><img decoding=\"async\" id=\"soliloquy-image-421\" class=\"soliloquy-image soliloquy-image-12 soliloquy-preload\" src=\"https:\/\/www.elfis.no\/wp-content\/plugins\/soliloquy\/assets\/css\/images\/holder.gif\" data-soliloquy-src=\"https:\/\/www.elfis.no\/wp-content\/uploads\/2018\/09\/Elfis-Sjostuer-HGL-01906_1920-scaled-960x600_c.jpg\" alt=\"Elfis-Sjostuer-HGL-01906_1920\" data-soliloquy-src-mobile=\"https:\/\/www.elfis.no\/wp-content\/uploads\/2018\/09\/Elfis-Sjostuer-HGL-01906_1920-scaled-600x200_c.jpg\" loading=\"lazy\" \/><\/li><li aria-hidden=\"true\" class=\"soliloquy-item soliloquy-item-13 soliloquy-id-423 soliloquy-image-slide\" draggable=\"false\" style=\"list-style:none;\"><img decoding=\"async\" id=\"soliloquy-image-423\" class=\"soliloquy-image soliloquy-image-13 soliloquy-preload\" src=\"https:\/\/www.elfis.no\/wp-content\/plugins\/soliloquy\/assets\/css\/images\/holder.gif\" data-soliloquy-src=\"https:\/\/www.elfis.no\/wp-content\/uploads\/2018\/09\/Elfis-Sjostuer-HGL-01907_1920-scaled-960x600_c.jpg\" alt=\"Elfis-Sjostuer-HGL-01907_1920\" data-soliloquy-src-mobile=\"https:\/\/www.elfis.no\/wp-content\/uploads\/2018\/09\/Elfis-Sjostuer-HGL-01907_1920-scaled-600x200_c.jpg\" loading=\"lazy\" \/><\/li><li aria-hidden=\"true\" class=\"soliloquy-item soliloquy-item-14 soliloquy-id-425 soliloquy-image-slide\" draggable=\"false\" style=\"list-style:none;\"><img decoding=\"async\" id=\"soliloquy-image-425\" class=\"soliloquy-image soliloquy-image-14 soliloquy-preload\" src=\"https:\/\/www.elfis.no\/wp-content\/plugins\/soliloquy\/assets\/css\/images\/holder.gif\" data-soliloquy-src=\"https:\/\/www.elfis.no\/wp-content\/uploads\/2018\/09\/Elfis-Sjostuer-HGL-01908_1920-scaled-960x600_c.jpg\" alt=\"Elfis-Sjostuer-HGL-01908_1920\" data-soliloquy-src-mobile=\"https:\/\/www.elfis.no\/wp-content\/uploads\/2018\/09\/Elfis-Sjostuer-HGL-01908_1920-scaled-600x200_c.jpg\" loading=\"lazy\" \/><\/li><li aria-hidden=\"true\" class=\"soliloquy-item soliloquy-item-15 soliloquy-id-427 soliloquy-image-slide\" draggable=\"false\" style=\"list-style:none;\"><img decoding=\"async\" id=\"soliloquy-image-427\" class=\"soliloquy-image soliloquy-image-15 soliloquy-preload\" src=\"https:\/\/www.elfis.no\/wp-content\/plugins\/soliloquy\/assets\/css\/images\/holder.gif\" data-soliloquy-src=\"https:\/\/www.elfis.no\/wp-content\/uploads\/2018\/09\/Elfis-Sjostuer-HGL-01909_1920-scaled-960x600_c.jpg\" alt=\"Elfis-Sjostuer-HGL-01909_1920\" data-soliloquy-src-mobile=\"https:\/\/www.elfis.no\/wp-content\/uploads\/2018\/09\/Elfis-Sjostuer-HGL-01909_1920-scaled-600x200_c.jpg\" loading=\"lazy\" \/><\/li><li aria-hidden=\"true\" class=\"soliloquy-item soliloquy-item-16 soliloquy-id-429 soliloquy-image-slide\" draggable=\"false\" style=\"list-style:none;\"><img decoding=\"async\" id=\"soliloquy-image-429\" class=\"soliloquy-image soliloquy-image-16 soliloquy-preload\" src=\"https:\/\/www.elfis.no\/wp-content\/plugins\/soliloquy\/assets\/css\/images\/holder.gif\" data-soliloquy-src=\"https:\/\/www.elfis.no\/wp-content\/uploads\/2018\/09\/Elfis-Sjostuer-HGL-01910_1920-scaled-960x600_c.jpg\" alt=\"Elfis-Sjostuer-HGL-01910_1920\" data-soliloquy-src-mobile=\"https:\/\/www.elfis.no\/wp-content\/uploads\/2018\/09\/Elfis-Sjostuer-HGL-01910_1920-scaled-600x200_c.jpg\" loading=\"lazy\" \/><\/li><li aria-hidden=\"true\" class=\"soliloquy-item soliloquy-item-17 soliloquy-id-635 soliloquy-image-slide\" draggable=\"false\" style=\"list-style:none;\"><img decoding=\"async\" id=\"soliloquy-image-635\" class=\"soliloquy-image soliloquy-image-17 soliloquy-preload\" src=\"https:\/\/www.elfis.no\/wp-content\/plugins\/soliloquy\/assets\/css\/images\/holder.gif\" data-soliloquy-src=\"https:\/\/www.elfis.no\/wp-content\/uploads\/2018\/09\/Kaistua-Elfrida-960x600_c.jpg\" alt=\"Kaistua Elfrida\" data-soliloquy-src-mobile=\"https:\/\/www.elfis.no\/wp-content\/uploads\/2018\/09\/Kaistua-Elfrida-600x200_c.jpg\" loading=\"lazy\" \/><\/li><li aria-hidden=\"true\" class=\"soliloquy-item soliloquy-item-18 soliloquy-id-431 soliloquy-image-slide\" draggable=\"false\" style=\"list-style:none;\"><img decoding=\"async\" id=\"soliloquy-image-431\" class=\"soliloquy-image soliloquy-image-18 soliloquy-preload\" src=\"https:\/\/www.elfis.no\/wp-content\/plugins\/soliloquy\/assets\/css\/images\/holder.gif\" data-soliloquy-src=\"https:\/\/www.elfis.no\/wp-content\/uploads\/2018\/09\/Elfis-Sjostuer-HGL-01911_1920-960x600_c.jpg\" alt=\"Elfis-Sjostuer-HGL-01911_1920\" data-soliloquy-src-mobile=\"https:\/\/www.elfis.no\/wp-content\/uploads\/2018\/09\/Elfis-Sjostuer-HGL-01911_1920-600x200_c.jpg\" loading=\"lazy\" \/><\/li><li aria-hidden=\"true\" class=\"soliloquy-item soliloquy-item-19 soliloquy-id-433 soliloquy-image-slide\" draggable=\"false\" style=\"list-style:none;\"><img decoding=\"async\" id=\"soliloquy-image-433\" class=\"soliloquy-image soliloquy-image-19 soliloquy-preload\" src=\"https:\/\/www.elfis.no\/wp-content\/plugins\/soliloquy\/assets\/css\/images\/holder.gif\" data-soliloquy-src=\"https:\/\/www.elfis.no\/wp-content\/uploads\/2018\/09\/Elfis-Sjostuer-HGL-01912_1920-scaled-960x600_c.jpg\" alt=\"Elfis-Sjostuer-HGL-01912_1920\" data-soliloquy-src-mobile=\"https:\/\/www.elfis.no\/wp-content\/uploads\/2018\/09\/Elfis-Sjostuer-HGL-01912_1920-scaled-600x200_c.jpg\" loading=\"lazy\" \/><\/li><li aria-hidden=\"true\" class=\"soliloquy-item soliloquy-item-20 soliloquy-id-435 soliloquy-image-slide\" draggable=\"false\" style=\"list-style:none;\"><img decoding=\"async\" id=\"soliloquy-image-435\" class=\"soliloquy-image soliloquy-image-20 soliloquy-preload\" src=\"https:\/\/www.elfis.no\/wp-content\/plugins\/soliloquy\/assets\/css\/images\/holder.gif\" data-soliloquy-src=\"https:\/\/www.elfis.no\/wp-content\/uploads\/2018\/09\/Elfis-Sjostuer-HGL-01913_1920-scaled-960x600_c.jpg\" alt=\"Elfis-Sjostuer-HGL-01913_1920\" data-soliloquy-src-mobile=\"https:\/\/www.elfis.no\/wp-content\/uploads\/2018\/09\/Elfis-Sjostuer-HGL-01913_1920-scaled-600x200_c.jpg\" loading=\"lazy\" \/><\/li><li aria-hidden=\"true\" class=\"soliloquy-item soliloquy-item-21 soliloquy-id-437 soliloquy-image-slide\" draggable=\"false\" style=\"list-style:none;\"><img decoding=\"async\" id=\"soliloquy-image-437\" class=\"soliloquy-image soliloquy-image-21 soliloquy-preload\" src=\"https:\/\/www.elfis.no\/wp-content\/plugins\/soliloquy\/assets\/css\/images\/holder.gif\" data-soliloquy-src=\"https:\/\/www.elfis.no\/wp-content\/uploads\/2018\/09\/Elfis-Sjostuer-HGL-01914_1920-scaled-960x600_c.jpg\" alt=\"Elfis-Sjostuer-HGL-01914_1920\" data-soliloquy-src-mobile=\"https:\/\/www.elfis.no\/wp-content\/uploads\/2018\/09\/Elfis-Sjostuer-HGL-01914_1920-scaled-600x200_c.jpg\" loading=\"lazy\" \/><\/li><li aria-hidden=\"true\" class=\"soliloquy-item soliloquy-item-22 soliloquy-id-439 soliloquy-image-slide\" draggable=\"false\" style=\"list-style:none;\"><img decoding=\"async\" id=\"soliloquy-image-439\" class=\"soliloquy-image soliloquy-image-22 soliloquy-preload\" src=\"https:\/\/www.elfis.no\/wp-content\/plugins\/soliloquy\/assets\/css\/images\/holder.gif\" data-soliloquy-src=\"https:\/\/www.elfis.no\/wp-content\/uploads\/2018\/09\/Oteren-scaled-960x600_c.jpg\" alt=\"Oteren\" data-soliloquy-src-mobile=\"https:\/\/www.elfis.no\/wp-content\/uploads\/2018\/09\/Oteren-scaled-600x200_c.jpg\" loading=\"lazy\" \/><\/li><\/ul><\/div><noscript><div class=\"soliloquy-no-js\" style=\"display:none;visibility:hidden;height:0;line-height:0;opacity:0;\"><img decoding=\"async\" class=\"soliloquy-image soliloquy-no-js-image skip-lazy\" src=\"https:\/\/www.elfis.no\/wp-content\/uploads\/2018\/09\/Elfis-med-tekst.jpg\" alt=\"Elfis med tekst\" \/><img decoding=\"async\" class=\"soliloquy-image soliloquy-no-js-image skip-lazy\" src=\"https:\/\/www.elfis.no\/wp-content\/uploads\/2018\/09\/Elfis-collage.jpg\" alt=\"Elfis collage\" \/><img decoding=\"async\" class=\"soliloquy-image soliloquy-no-js-image skip-lazy\" src=\"https:\/\/www.elfis.no\/wp-content\/uploads\/2018\/09\/13.jpg\" alt=\"13\" \/><img decoding=\"async\" class=\"soliloquy-image soliloquy-no-js-image skip-lazy\" src=\"https:\/\/www.elfis.no\/wp-content\/uploads\/2018\/09\/Ragnhildstua-og-anneks.jpg\" alt=\"Ragnhildstua og anneks\" \/><img decoding=\"async\" class=\"soliloquy-image soliloquy-no-js-image skip-lazy\" src=\"https:\/\/www.elfis.no\/wp-content\/uploads\/2018\/09\/Elfis-sjostuer-kontor.jpg\" alt=\"Elfis sj\u00f8stuer kontor\" \/><img decoding=\"async\" class=\"soliloquy-image soliloquy-no-js-image skip-lazy\" src=\"https:\/\/www.elfis.no\/wp-content\/uploads\/2017\/03\/34_web.jpg\" alt=\"34_web\" \/><img decoding=\"async\" class=\"soliloquy-image soliloquy-no-js-image skip-lazy\" src=\"https:\/\/www.elfis.no\/wp-content\/uploads\/2018\/09\/3.jpg\" alt=\"3\" \/><img decoding=\"async\" class=\"soliloquy-image soliloquy-no-js-image skip-lazy\" src=\"https:\/\/www.elfis.no\/wp-content\/uploads\/2018\/09\/4.jpg\" alt=\"4\" \/><img decoding=\"async\" class=\"soliloquy-image soliloquy-no-js-image skip-lazy\" src=\"https:\/\/www.elfis.no\/wp-content\/uploads\/2018\/09\/5.jpg\" alt=\"5\" \/><img decoding=\"async\" class=\"soliloquy-image soliloquy-no-js-image skip-lazy\" src=\"https:\/\/www.elfis.no\/wp-content\/uploads\/2018\/09\/naustet.jpg\" alt=\"naustet\" \/><img decoding=\"async\" class=\"soliloquy-image soliloquy-no-js-image skip-lazy\" src=\"https:\/\/www.elfis.no\/wp-content\/uploads\/2018\/09\/Elfis-Sjostuer-HGL-01905_1920-scaled.jpg\" alt=\"Elfis-Sjostuer-HGL-01905_1920\" \/><img decoding=\"async\" class=\"soliloquy-image soliloquy-no-js-image skip-lazy\" src=\"https:\/\/www.elfis.no\/wp-content\/uploads\/2018\/09\/Elfis-Sjostuer-HGL-01906_1920-scaled.jpg\" alt=\"Elfis-Sjostuer-HGL-01906_1920\" \/><img decoding=\"async\" class=\"soliloquy-image soliloquy-no-js-image skip-lazy\" src=\"https:\/\/www.elfis.no\/wp-content\/uploads\/2018\/09\/Elfis-Sjostuer-HGL-01907_1920-scaled.jpg\" alt=\"Elfis-Sjostuer-HGL-01907_1920\" \/><img decoding=\"async\" class=\"soliloquy-image soliloquy-no-js-image skip-lazy\" src=\"https:\/\/www.elfis.no\/wp-content\/uploads\/2018\/09\/Elfis-Sjostuer-HGL-01908_1920-scaled.jpg\" alt=\"Elfis-Sjostuer-HGL-01908_1920\" \/><img decoding=\"async\" class=\"soliloquy-image soliloquy-no-js-image skip-lazy\" src=\"https:\/\/www.elfis.no\/wp-content\/uploads\/2018\/09\/Elfis-Sjostuer-HGL-01909_1920-scaled.jpg\" alt=\"Elfis-Sjostuer-HGL-01909_1920\" \/><img decoding=\"async\" class=\"soliloquy-image soliloquy-no-js-image skip-lazy\" src=\"https:\/\/www.elfis.no\/wp-content\/uploads\/2018\/09\/Elfis-Sjostuer-HGL-01910_1920-scaled.jpg\" alt=\"Elfis-Sjostuer-HGL-01910_1920\" \/><img decoding=\"async\" class=\"soliloquy-image soliloquy-no-js-image skip-lazy\" src=\"https:\/\/www.elfis.no\/wp-content\/uploads\/2018\/09\/Kaistua-Elfrida.jpg\" alt=\"Kaistua Elfrida\" \/><img decoding=\"async\" class=\"soliloquy-image soliloquy-no-js-image skip-lazy\" src=\"https:\/\/www.elfis.no\/wp-content\/uploads\/2018\/09\/Elfis-Sjostuer-HGL-01911_1920.jpg\" alt=\"Elfis-Sjostuer-HGL-01911_1920\" \/><img decoding=\"async\" class=\"soliloquy-image soliloquy-no-js-image skip-lazy\" src=\"https:\/\/www.elfis.no\/wp-content\/uploads\/2018\/09\/Elfis-Sjostuer-HGL-01912_1920-scaled.jpg\" alt=\"Elfis-Sjostuer-HGL-01912_1920\" \/><img decoding=\"async\" class=\"soliloquy-image soliloquy-no-js-image skip-lazy\" src=\"https:\/\/www.elfis.no\/wp-content\/uploads\/2018\/09\/Elfis-Sjostuer-HGL-01913_1920-scaled.jpg\" alt=\"Elfis-Sjostuer-HGL-01913_1920\" \/><img decoding=\"async\" class=\"soliloquy-image soliloquy-no-js-image skip-lazy\" src=\"https:\/\/www.elfis.no\/wp-content\/uploads\/2018\/09\/Elfis-Sjostuer-HGL-01914_1920-scaled.jpg\" alt=\"Elfis-Sjostuer-HGL-01914_1920\" \/><img decoding=\"async\" class=\"soliloquy-image soliloquy-no-js-image skip-lazy\" src=\"https:\/\/www.elfis.no\/wp-content\/uploads\/2018\/09\/Oteren-scaled.jpg\" alt=\"Oteren\" \/><\/div><\/noscript><\/div><\/div>\n\n\n\n<h3 class=\"wp-block-heading\">Bilder fra Elfis:<\/h3>\n\n\n\n<h3 class=\"wp-block-heading\">100 meters skogen:<\/h3>\n\n\n\n<p><strong>Veien mellom Her\u00f8y og D\u00f8nna er en fantastisk opplevelsesvei &#8211; p\u00e5 en tur langs Kystriksveien er en tur ut hit obligatorisk ! Film av Kystriksveien Reiseliv \/ Kindergarten media<\/strong><\/p>\n\n\n\n<h3 class=\"wp-block-heading\"><iframe loading=\"lazy\" src=\"https:\/\/www.youtube.com\/embed\/_asG6P9v3T0?rel=0&amp;controls=0&amp;showinfo=0\" width=\"853\" height=\"480\" frameborder=\"0\" allowfullscreen=\"allowfullscreen\"><\/iframe><\/h3>\n\n\n\n<p>&nbsp;<\/p>\n","protected":false},"excerpt":{"rendered":"<p>Velkommen til Elfis Sj\u00f8stuer: Bilder fra Elfis: 100 meters skogen: Veien mellom Her\u00f8y og D\u00f8nna er en fantastisk opplevelsesvei &#8211; p\u00e5 en tur langs Kystriksveien er en tur ut hit obligatorisk ! Film av Kystriksveien Reiseliv \/ Kindergarten media &nbsp;<\/p>\n","protected":false},"author":1,"featured_media":0,"parent":0,"menu_order":0,"comment_status":"closed","ping_status":"closed","template":"","meta":{"footnotes":""},"class_list":["post-85","page","type-page","status-publish"],"aioseo_notices":[],"_links":{"self":[{"href":"https:\/\/www.elfis.no\/index.php\/wp-json\/wp\/v2\/pages\/85","targetHints":{"allow":["GET"]}}],"collection":[{"href":"https:\/\/www.elfis.no\/index.php\/wp-json\/wp\/v2\/pages"}],"about":[{"href":"https:\/\/www.elfis.no\/index.php\/wp-json\/wp\/v2\/types\/page"}],"author":[{"embeddable":true,"href":"https:\/\/www.elfis.no\/index.php\/wp-json\/wp\/v2\/users\/1"}],"replies":[{"embeddable":true,"href":"https:\/\/www.elfis.no\/index.php\/wp-json\/wp\/v2\/comments?post=85"}],"version-history":[{"count":13,"href":"https:\/\/www.elfis.no\/index.php\/wp-json\/wp\/v2\/pages\/85\/revisions"}],"predecessor-version":[{"id":628,"href":"https:\/\/www.elfis.no\/index.php\/wp-json\/wp\/v2\/pages\/85\/revisions\/628"}],"wp:attachment":[{"href":"https:\/\/www.elfis.no\/index.php\/wp-json\/wp\/v2\/media?parent=85"}],"curies":[{"name":"wp","href":"https:\/\/api.w.org\/{rel}","templated":true}]}}